{"id":204,"date":"2018-09-28T11:17:17","date_gmt":"2018-09-28T09:17:17","guid":{"rendered":"http:\/\/eguzki.eu\/?page_id=204"},"modified":"2018-09-28T11:48:24","modified_gmt":"2018-09-28T09:48:24","slug":"recrutement-technicien-support-informatique","status":"publish","type":"page","link":"https:\/\/eguzki.eu\/index.php\/actualites\/recrutement-technicien-support-informatique\/","title":{"rendered":"Recrutement Technicien support informatique"},"content":{"rendered":"<h1>Technicien(ne) Support informatique<\/h1>\n<p><strong><u>Contexte<\/u><\/strong><\/p>\n<p>Le groupe eguzki est compos\u00e9 de nombreuses comp\u00e9tences techniques sur les m\u00e9tiers de la s\u00e9curit\u00e9 aussi bien physique qu\u2019informatique. L\u2019ensemble des \u00e9quipes techniques sont tourn\u00e9es vers nos clients et nous ressentons le besoin d\u2019harmoniser l\u2019informatique interne et d\u2019offrir un support aux utilisateurs moins exp\u00e9riment\u00e9s.<\/p>\n<p>Seul technicien d\u00e9di\u00e9 \u00e0 l\u2019informatique interne dans le groupe vous intervenez sur l\u2019ensemble des soci\u00e9t\u00e9s (40 utilisateurs, 5 sites dont 2 en Pologne). En relation directe avec le directeur technique groupe vous interviendrez sur les missions suivantes\u00a0:<\/p>\n<ul>\n<li>Maintenir administrer, superviser l\u2019infrastructure et les logiciels mis en \u0153uvre dans le groupe<\/li>\n<li>Maintenir et administrer Office 365<\/li>\n<li>Proposer des \u00e9volutions d\u2019architecture<\/li>\n<li>Proposer des solutions pour harmoniser les postes de travail<\/li>\n<li>R\u00e9aliser des actions techniques d\u2019installation, de d\u00e9ploiements de PC et laptop, de configuration et de support sur le mat\u00e9riel informatique existant.<\/li>\n<li>Effectuer des diagnostics, traitez les incidents divers tant mat\u00e9riel que logiciel (PC, imprimantes, t\u00e9l\u00e9phones IP, messagerie, t\u00e9l\u00e9phones portables, etc.)<\/li>\n<li>Effectuer la gestion du parc informatique (serveur, pc, t\u00e9l\u00e9phone)<\/li>\n<li>Documenter vos interventions<\/li>\n<li>\u00catre au service des utilisateurs en leur apportant assistance (\u00e0 distance ou sur site)<\/li>\n<li>Faire \u00e9voluer la t\u00e9l\u00e9phonie interne et proposer de nouvelles solutions.<\/li>\n<li>R\u00e9aliser le suivi des \u00e9l\u00e9ments de s\u00e9curit\u00e9 informatique et la sensibilisation aupr\u00e8s des utilisateurs<\/li>\n<\/ul>\n<p>&nbsp;<\/p>\n<p><strong><u>Profil recherch\u00e9<\/u><\/strong><\/p>\n<ul>\n<li>Vous avez id\u00e9alement une formation Bac+2 en informatique compl\u00e9t\u00e9e par une exp\u00e9rience probante dans une fonction similaire ;<\/li>\n<li>Vous \u00eates \u00e0 l\u2019aise avec les OS suivants : Windows 10, Windows 2012-2016 serveur, Linux;<\/li>\n<li>Vous avez une forte sensibilit\u00e9 \u00e0 la s\u00e9curit\u00e9 informatique<\/li>\n<li>Vous avez des connaissances sur des solutions antivirus et firewall<\/li>\n<li>Vous avez des connaissances en t\u00e9l\u00e9phonie IP \/ IPBX<\/li>\n<li>Vous avez des connaissances r\u00e9seau (VLAN, VPN IPSEC\/SSL, etc.)<\/li>\n<li>Vous avez des connaissances g\u00e9n\u00e9rales en hardware (installation de pc, diagnostic, r\u00e9paration, \u2026)\u00a0;<\/li>\n<li>Vous avez des bonnes connaissances dans l\u2019utilisation et la configuration de smartphones (IOS\/android)\u00a0;<\/li>\n<li>Vous avez une bonne connaissance d\u2019Office 365<\/li>\n<li>Vous avez des connaissances en gestion d\u2019un Active Directory<\/li>\n<li>Vous avez des connaissances des services cloud Microsoft (Azure)<\/li>\n<\/ul>\n<p>&nbsp;<\/p>\n<p><strong><u>Comp\u00e9tences souhait\u00e9es<\/u><\/strong><\/p>\n<ul>\n<li>Autonomie<\/li>\n<li>Curiosit\u00e9 intellectuelle et capacit\u00e9 de remise en question<\/li>\n<li>Rigueur et m\u00e9thode<\/li>\n<li>Proactivit\u00e9 \/ force de proposition<\/li>\n<li>Aisance en communication, email et t\u00e9l\u00e9phone<\/li>\n<li>Vous faites preuve d\u2019un bon esprit d\u2019\u00e9quipe<\/li>\n<li>Anglais Parl\u00e9 indispensable (2 sites \u00e0 l\u2019\u00e9tranger)<\/li>\n<\/ul>\n<p>R\u00e9mun\u00e9ration selon profil, mutuelle.<\/p>\n<p>Poste s\u00e9dentaire bas\u00e9 \u00e0 Fleurieu sur Saone, quelques d\u00e9placements ponctuels sur l\u2019ann\u00e9e \u00e0 pr\u00e9voir.<\/p>\n<p>Envoyer CV + LM par mail \u00e0\u00a0: <a href=\"mailto:recrutement@eguzki.eu\">recrutement@eguzki.eu<\/a><\/p>\n","protected":false},"excerpt":{"rendered":"<p>Technicien(ne) Support informatique Contexte Le groupe eguzki est compos\u00e9 de nombreuses comp\u00e9tences techniques sur les m\u00e9tiers de la s\u00e9curit\u00e9 aussi bien physique qu\u2019informatique. L\u2019ensemble des \u00e9quipes techniques sont tourn\u00e9es vers nos clients et nous ressentons le besoin d\u2019harmoniser l\u2019informatique interne et d\u2019offrir un support aux utilisateurs moins exp\u00e9riment\u00e9s. Seul technicien d\u00e9di\u00e9 \u00e0 l\u2019informatique interne dans [&hellip;]<\/p>\n","protected":false},"author":1,"featured_media":0,"parent":56,"menu_order":0,"comment_status":"closed","ping_status":"closed","template":"elementor_header_footer","meta":{"_exactmetrics_skip_tracking":false,"_exactmetrics_sitenote_active":false,"_exactmetrics_sitenote_note":"","_exactmetrics_sitenote_category":0,"footnotes":""},"class_list":["post-204","page","type-page","status-publish","hentry"],"_links":{"self":[{"href":"https:\/\/eguzki.eu\/index.php\/wp-json\/wp\/v2\/pages\/204","targetHints":{"allow":["GET"]}}],"collection":[{"href":"https:\/\/eguzki.eu\/index.php\/wp-json\/wp\/v2\/pages"}],"about":[{"href":"https:\/\/eguzki.eu\/index.php\/wp-json\/wp\/v2\/types\/page"}],"author":[{"embeddable":true,"href":"https:\/\/eguzki.eu\/index.php\/wp-json\/wp\/v2\/users\/1"}],"replies":[{"embeddable":true,"href":"https:\/\/eguzki.eu\/index.php\/wp-json\/wp\/v2\/comments?post=204"}],"version-history":[{"count":1,"href":"https:\/\/eguzki.eu\/index.php\/wp-json\/wp\/v2\/pages\/204\/revisions"}],"predecessor-version":[{"id":205,"href":"https:\/\/eguzki.eu\/index.php\/wp-json\/wp\/v2\/pages\/204\/revisions\/205"}],"up":[{"embeddable":true,"href":"https:\/\/eguzki.eu\/index.php\/wp-json\/wp\/v2\/pages\/56"}],"wp:attachment":[{"href":"https:\/\/eguzki.eu\/index.php\/wp-json\/wp\/v2\/media?parent=204"}],"curies":[{"name":"wp","href":"https:\/\/api.w.org\/{rel}","templated":true}]}}